{"id":382,"date":"2015-11-25T18:02:39","date_gmt":"2015-11-25T17:02:39","guid":{"rendered":"https:\/\/agoberlin.de\/en\/?page_id=382"},"modified":"2022-03-28T12:16:59","modified_gmt":"2022-03-28T10:16:59","slug":"pressured-air-oil-barriers","status":"publish","type":"page","link":"https:\/\/agoberlin.de\/en\/oil-protection\/pressured-air-oil-barriers\/","title":{"rendered":"Pressured air oil barriers"},"content":{"rendered":"<div class=\"wpb-content-wrapper\"><p>[vc_row][vc_column][vc_column_text]<\/p>\n<div class=\"wpb_text_column wpb_content_element \">\n<div class=\"wpb_wrapper\">\n<h1>Pressured air oil barriers<\/h1>\n<p><strong>Protection against the spreading of leaking oil on water with pressured air.<\/strong><\/p>\n<p>A rising demand for mineral oil products creates greater danger of oil spills. Several catastrophes have shown us the grave consequences for the ecological system \u201cwater\u201d.<\/p>\n<p>AGO Hydroair uses pressured air barriers since many years, among other things, to enrich water with oxygen and mix water layers. The use of air bubble veils as oil barriers is known since the 1930s. Though, back then, the focus lay on thin oil layers. AGO Hdyroair has extensive experience in computer based dimensioning of oil barriers. This know-how enables us to optimize the barriers, taking into account external influences such as wind, waves, currents and the amount of spilled oil. All these can be simulated. AGO Hydroair can lead the project from planning to commissioning.<\/p>\n<h2>FUNCTIONAL PRINCIPLE<\/h2>\n<p>A pressured air oil barrier consists in principle of a perforated hose\/pipe, into which pressured air is blown, that is anchored on the ground of a waterbody. The hose can be installed on the ground or in a trench with gravel bed, depending on the local situation. Air bubbles leave the perforations and rise to the surface. Diameter and distance of the holes and diameter of the hose are calculated so that a regular or varying airstream along the barrier is created. The water that rises with the air bubbles creates a reverse flow that moves towards the barrier at the bottom, and away from it at the surface.<\/p>\n<\/div>\n<\/div>\n<div class=\"wpb_text_column wpb_content_element \">\n<div class=\"wpb_wrapper\">\n<p>It is this surface flow that keeps oil from spreading. Wind, waves and currents influence an oil layer to a great extent. These factors and their physical properties have to be considered in the design of the oil barrier.<\/p>\n<\/div>\n<\/div>\n<p>[\/vc_column_text][vc_column_text]<\/p>\n<div class=\"vc_message_box-icon\"><\/div>\n<h2>INSTRUMENTATION<\/h2>\n<p><strong>Die f\u00fcr eine Druckluft-\u00d6lsperre erforderliche Ger\u00e4teausstattung umfasst:<\/strong><\/p>\n<ul>\n<li>A compressor (oil-free)<\/li>\n<li>An aftercooler with condensate separator. This is necessary since the hose consists of plastics, and, therefore, can\u00b4t be exposed to hot compressed air<\/li>\n<li>Galvanized steel or PE compressed air supply lines from compressor to ground of waterbody<\/li>\n<li>Bubbler hoses, weights and anchors<\/li>\n<li>Shut-off devices and actuators<\/li>\n<li>Oil sensors for automatic surveillance of waterbodies<\/li>\n<li>Telecommunication for alarms, control and maintenance<\/li>\n<\/ul>\n<p>[\/vc_column_text][vc_column_text]<\/p>\n<h2>ADVANTAGES OF P<strong>RESSURED AIR OIL BARRIERS<\/strong><\/h2>\n<p>[\/vc_column_text][\/vc_column][\/vc_row][vc_row][vc_column width=&#8221;1\/2&#8243;][vc_column_text]<\/p>\n<div class=\"wpb_text_column wpb_content_element \">\n<div class=\"wpb_wrapper\">\n<ul>\n<li>Pneumatic oil barriers secure a port or dock within 30 \u2013 60 seconds upon activation.<\/li>\n<\/ul>\n<\/div>\n<\/div>\n<div class=\"wpb_text_column wpb_content_element \">\n<div class=\"wpb_wrapper\">\n<ul>\n<li>Once active, they work independently. No personnel is required. An activation signal through oil sensors or a button is sufficient to commission the system. This has to be taken into account when tankers are also cleared at night.<\/li>\n<\/ul>\n<\/div>\n<\/div>\n<div class=\"wpb_text_column wpb_content_element \">\n<div class=\"wpb_wrapper\">\n<ul>\n<li>Pressured air barriers also work on burning oil layers or when ice formed on the surface.<\/li>\n<\/ul>\n<\/div>\n<\/div>\n<div class=\"wpb_text_column wpb_content_element \">\n<div class=\"wpb_wrapper\">\n<ul>\n<li>Ship traffic is not interrupted. Threatened ships can leave the area and auxiliary ships can enter.<\/li>\n<\/ul>\n<\/div>\n<\/div>\n<p>[\/vc_column_text][\/vc_column][vc_column width=&#8221;1\/2&#8243;][vc_column_text]<\/p>\n<div class=\"wpb_text_column wpb_content_element \">\n<div class=\"wpb_wrapper\">\n<ul>\n<li>An oil layer cannot slip through under the barrier.<\/li>\n<\/ul>\n<\/div>\n<\/div>\n<div class=\"wpb_text_column wpb_content_element \">\n<div class=\"wpb_wrapper\">\n<ul>\n<li>The cost for installation is very low at a long lifetime. Further costs are avoided since the polyethylene pipes are not equipped with separate nozzles. A special procedure for drilling nozzle holes is used.<\/li>\n<\/ul>\n<\/div>\n<\/div>\n<div class=\"wpb_text_column wpb_content_element \">\n<div class=\"wpb_wrapper\">\n<ul>\n<li>A pressured air oil barrier is effective against oils, benzene and other floating products like styrene.<\/li>\n<\/ul>\n<\/div>\n<\/div>\n<div class=\"wpb_text_column wpb_content_element \">\n<div class=\"wpb_wrapper\">\n<ul>\n<li>Possibility of sectorization, i.e. through the use of a multi-hose procedure, highly endangered areas can be further secured taking into account main wind direction and current.<\/li>\n<\/ul>\n<\/div>\n<\/div>\n<p>[\/vc_column_text][\/vc_column][\/vc_row]<\/p>\n<\/div>","protected":false},"excerpt":{"rendered":"<p>[vc_row][vc_column][vc_column_text] Pressured air oil barriers Protection against the spreading of leaking oil on water with pressured air. A rising demand for mineral oil products creates greater danger of oil spills. Several catastrophes have shown us the grave consequences for the [&hellip;]<\/p>\n","protected":false},"author":2,"featured_media":0,"parent":366,"menu_order":0,"comment_status":"closed","ping_status":"closed","template":"","meta":{"_acf_changed":false,"footnotes":""},"class_list":["post-382","page","type-page","status-publish","hentry"],"acf":[],"yoast_head":"<!-- This site is optimized with the Yoast SEO plugin v27.3 - https:\/\/yoast.com\/product\/yoast-seo-wordpress\/ -->\n<title>Pressured air oil barriers | AGO Hydroair GmbH<\/title>\n<meta name=\"robots\" content=\"index, follow, max-snippet:-1, max-image-preview:large, max-video-preview:-1\" \/>\n<link rel=\"canonical\" href=\"https:\/\/agoberlin.de\/en\/oil-protection\/pressured-air-oil-barriers\/\" \/>\n<meta property=\"og:locale\" content=\"en_US\" \/>\n<meta property=\"og:type\" content=\"article\" \/>\n<meta property=\"og:title\" content=\"Pressured air oil barriers | AGO Hydroair GmbH\" \/>\n<meta property=\"og:description\" content=\"[vc_row][vc_column][vc_column_text] Pressured air oil barriers Protection against the spreading of leaking oil on water with pressured air. A rising demand for mineral oil products creates greater danger of oil spills. Several catastrophes have shown us the grave consequences for the [&hellip;]\" \/>\n<meta property=\"og:url\" content=\"https:\/\/agoberlin.de\/en\/oil-protection\/pressured-air-oil-barriers\/\" \/>\n<meta property=\"og:site_name\" content=\"AGO Hydroair GmbH\" \/>\n<meta property=\"article:modified_time\" content=\"2022-03-28T10:16:59+00:00\" \/>\n<meta name=\"twitter:card\" content=\"summary_large_image\" \/>\n<meta name=\"twitter:label1\" content=\"Est. reading time\" \/>\n\t<meta name=\"twitter:data1\" content=\"4 minutes\" \/>\n<script type=\"application\/ld+json\" class=\"yoast-schema-graph\">{\"@context\":\"https:\\\/\\\/schema.org\",\"@graph\":[{\"@type\":\"WebPage\",\"@id\":\"https:\\\/\\\/agoberlin.de\\\/en\\\/oil-protection\\\/pressured-air-oil-barriers\\\/\",\"url\":\"https:\\\/\\\/agoberlin.de\\\/en\\\/oil-protection\\\/pressured-air-oil-barriers\\\/\",\"name\":\"Pressured air oil barriers | AGO Hydroair GmbH\",\"isPartOf\":{\"@id\":\"https:\\\/\\\/agoberlin.de\\\/#website\"},\"datePublished\":\"2015-11-25T17:02:39+00:00\",\"dateModified\":\"2022-03-28T10:16:59+00:00\",\"breadcrumb\":{\"@id\":\"https:\\\/\\\/agoberlin.de\\\/en\\\/oil-protection\\\/pressured-air-oil-barriers\\\/#breadcrumb\"},\"inLanguage\":\"en-US\",\"potentialAction\":[{\"@type\":\"ReadAction\",\"target\":[\"https:\\\/\\\/agoberlin.de\\\/en\\\/oil-protection\\\/pressured-air-oil-barriers\\\/\"]}]},{\"@type\":\"BreadcrumbList\",\"@id\":\"https:\\\/\\\/agoberlin.de\\\/en\\\/oil-protection\\\/pressured-air-oil-barriers\\\/#breadcrumb\",\"itemListElement\":[{\"@type\":\"ListItem\",\"position\":1,\"name\":\"Home\",\"item\":\"https:\\\/\\\/agoberlin.de\\\/en\\\/\"},{\"@type\":\"ListItem\",\"position\":2,\"name\":\"Oil Protection\",\"item\":\"https:\\\/\\\/agoberlin.de\\\/en\\\/oil-protection\\\/\"},{\"@type\":\"ListItem\",\"position\":3,\"name\":\"Pressured air oil barriers\"}]},{\"@type\":\"WebSite\",\"@id\":\"https:\\\/\\\/agoberlin.de\\\/#website\",\"url\":\"https:\\\/\\\/agoberlin.de\\\/\",\"name\":\"AGO Hydroair GmbH\",\"description\":\"Eine weitere WordPress-Seite\",\"potentialAction\":[{\"@type\":\"SearchAction\",\"target\":{\"@type\":\"EntryPoint\",\"urlTemplate\":\"https:\\\/\\\/agoberlin.de\\\/?s={search_term_string}\"},\"query-input\":{\"@type\":\"PropertyValueSpecification\",\"valueRequired\":true,\"valueName\":\"search_term_string\"}}],\"inLanguage\":\"en-US\"}]}<\/script>\n<!-- \/ Yoast SEO plugin. -->","yoast_head_json":{"title":"Pressured air oil barriers | AGO Hydroair GmbH","robots":{"index":"index","follow":"follow","max-snippet":"max-snippet:-1","max-image-preview":"max-image-preview:large","max-video-preview":"max-video-preview:-1"},"canonical":"https:\/\/agoberlin.de\/en\/oil-protection\/pressured-air-oil-barriers\/","og_locale":"en_US","og_type":"article","og_title":"Pressured air oil barriers | AGO Hydroair GmbH","og_description":"[vc_row][vc_column][vc_column_text] Pressured air oil barriers Protection against the spreading of leaking oil on water with pressured air. A rising demand for mineral oil products creates greater danger of oil spills. Several catastrophes have shown us the grave consequences for the [&hellip;]","og_url":"https:\/\/agoberlin.de\/en\/oil-protection\/pressured-air-oil-barriers\/","og_site_name":"AGO Hydroair GmbH","article_modified_time":"2022-03-28T10:16:59+00:00","twitter_card":"summary_large_image","twitter_misc":{"Est. reading time":"4 minutes"},"schema":{"@context":"https:\/\/schema.org","@graph":[{"@type":"WebPage","@id":"https:\/\/agoberlin.de\/en\/oil-protection\/pressured-air-oil-barriers\/","url":"https:\/\/agoberlin.de\/en\/oil-protection\/pressured-air-oil-barriers\/","name":"Pressured air oil barriers | AGO Hydroair GmbH","isPartOf":{"@id":"https:\/\/agoberlin.de\/#website"},"datePublished":"2015-11-25T17:02:39+00:00","dateModified":"2022-03-28T10:16:59+00:00","breadcrumb":{"@id":"https:\/\/agoberlin.de\/en\/oil-protection\/pressured-air-oil-barriers\/#breadcrumb"},"inLanguage":"en-US","potentialAction":[{"@type":"ReadAction","target":["https:\/\/agoberlin.de\/en\/oil-protection\/pressured-air-oil-barriers\/"]}]},{"@type":"BreadcrumbList","@id":"https:\/\/agoberlin.de\/en\/oil-protection\/pressured-air-oil-barriers\/#breadcrumb","itemListElement":[{"@type":"ListItem","position":1,"name":"Home","item":"https:\/\/agoberlin.de\/en\/"},{"@type":"ListItem","position":2,"name":"Oil Protection","item":"https:\/\/agoberlin.de\/en\/oil-protection\/"},{"@type":"ListItem","position":3,"name":"Pressured air oil barriers"}]},{"@type":"WebSite","@id":"https:\/\/agoberlin.de\/#website","url":"https:\/\/agoberlin.de\/","name":"AGO Hydroair GmbH","description":"Eine weitere WordPress-Seite","potentialAction":[{"@type":"SearchAction","target":{"@type":"EntryPoint","urlTemplate":"https:\/\/agoberlin.de\/?s={search_term_string}"},"query-input":{"@type":"PropertyValueSpecification","valueRequired":true,"valueName":"search_term_string"}}],"inLanguage":"en-US"}]}},"_links":{"self":[{"href":"https:\/\/agoberlin.de\/en\/wp-json\/wp\/v2\/pages\/382","targetHints":{"allow":["GET"]}}],"collection":[{"href":"https:\/\/agoberlin.de\/en\/wp-json\/wp\/v2\/pages"}],"about":[{"href":"https:\/\/agoberlin.de\/en\/wp-json\/wp\/v2\/types\/page"}],"author":[{"embeddable":true,"href":"https:\/\/agoberlin.de\/en\/wp-json\/wp\/v2\/users\/2"}],"replies":[{"embeddable":true,"href":"https:\/\/agoberlin.de\/en\/wp-json\/wp\/v2\/comments?post=382"}],"version-history":[{"count":5,"href":"https:\/\/agoberlin.de\/en\/wp-json\/wp\/v2\/pages\/382\/revisions"}],"predecessor-version":[{"id":1031,"href":"https:\/\/agoberlin.de\/en\/wp-json\/wp\/v2\/pages\/382\/revisions\/1031"}],"up":[{"embeddable":true,"href":"https:\/\/agoberlin.de\/en\/wp-json\/wp\/v2\/pages\/366"}],"wp:attachment":[{"href":"https:\/\/agoberlin.de\/en\/wp-json\/wp\/v2\/media?parent=382"}],"curies":[{"name":"wp","href":"https:\/\/api.w.org\/{rel}","templated":true}]}}